{"id":4989,"date":"2021-09-20T12:02:19","date_gmt":"2021-09-20T15:02:19","guid":{"rendered":"https:\/\/acobrasil.org.br\/site\/?page_id=4989"},"modified":"2026-03-19T10:03:31","modified_gmt":"2026-03-19T13:03:31","slug":"estatistica-mensal","status":"publish","type":"page","link":"https:\/\/www.acobrasil.org.br\/site\/estatistica-mensal\/","title":{"rendered":"Estat\u00edstica Mensal"},"content":{"rendered":"","protected":false},"excerpt":{"rendered":"","protected":false},"author":1,"featured_media":0,"parent":0,"menu_order":0,"comment_status":"closed","ping_status":"closed","template":"estatistica-de-desempenho-sem-filtro.php","meta":{"_acf_changed":false,"inline_featured_image":false,"footnotes":""},"class_list":["post-4989","page","type-page","status-publish","hentry"],"acf":[],"yoast_head":"<!-- This site is optimized with the Yoast SEO plugin v26.7 - https:\/\/yoast.com\/wordpress\/plugins\/seo\/ -->\n<title>Estat\u00edstica Mensal - Instituto A\u00e7o Brasil<\/title>\n<meta name=\"robots\" content=\"index, follow, max-snippet:-1, max-image-preview:large, max-video-preview:-1\" \/>\n<link rel=\"canonical\" href=\"https:\/\/www.acobrasil.org.br\/site\/estatistica-mensal\/\" \/>\n<meta property=\"og:locale\" content=\"pt_BR\" \/>\n<meta property=\"og:type\" content=\"article\" \/>\n<meta property=\"og:title\" content=\"Estat\u00edstica Mensal - Instituto A\u00e7o Brasil\" \/>\n<meta property=\"og:url\" content=\"https:\/\/www.acobrasil.org.br\/site\/estatistica-mensal\/\" \/>\n<meta property=\"og:site_name\" content=\"Instituto A\u00e7o Brasil\" \/>\n<meta property=\"article:modified_time\" content=\"2026-03-19T13:03:31+00:00\" \/>\n<meta name=\"twitter:card\" content=\"summary_large_image\" \/>\n<script type=\"application\/ld+json\" class=\"yoast-schema-graph\">{\"@context\":\"https:\/\/schema.org\",\"@graph\":[{\"@type\":\"WebPage\",\"@id\":\"https:\/\/www.acobrasil.org.br\/site\/estatistica-mensal\/\",\"url\":\"https:\/\/www.acobrasil.org.br\/site\/estatistica-mensal\/\",\"name\":\"Estat\u00edstica Mensal - Instituto A\u00e7o Brasil\",\"isPartOf\":{\"@id\":\"https:\/\/www.acobrasil.org.br\/site\/#website\"},\"datePublished\":\"2021-09-20T15:02:19+00:00\",\"dateModified\":\"2026-03-19T13:03:31+00:00\",\"breadcrumb\":{\"@id\":\"https:\/\/www.acobrasil.org.br\/site\/estatistica-mensal\/#breadcrumb\"},\"inLanguage\":\"pt-BR\",\"potentialAction\":[{\"@type\":\"ReadAction\",\"target\":[\"https:\/\/www.acobrasil.org.br\/site\/estatistica-mensal\/\"]}]},{\"@type\":\"BreadcrumbList\",\"@id\":\"https:\/\/www.acobrasil.org.br\/site\/estatistica-mensal\/#breadcrumb\",\"itemListElement\":[{\"@type\":\"ListItem\",\"position\":1,\"name\":\"Home\",\"item\":\"https:\/\/www.acobrasil.org.br\/site\/\"},{\"@type\":\"ListItem\",\"position\":2,\"name\":\"Estat\u00edstica Mensal\"}]},{\"@type\":\"WebSite\",\"@id\":\"https:\/\/www.acobrasil.org.br\/site\/#website\",\"url\":\"https:\/\/www.acobrasil.org.br\/site\/\",\"name\":\"Instituto A\u00e7o Brasil\",\"description\":\"Instituto A\u00e7o Brasil \u00e9 a entidade representativa das empresas brasileiras produtoras de a\u00e7o\",\"potentialAction\":[{\"@type\":\"SearchAction\",\"target\":{\"@type\":\"EntryPoint\",\"urlTemplate\":\"https:\/\/www.acobrasil.org.br\/site\/?s={search_term_string}\"},\"query-input\":{\"@type\":\"PropertyValueSpecification\",\"valueRequired\":true,\"valueName\":\"search_term_string\"}}],\"inLanguage\":\"pt-BR\"}]}<\/script>\n<!-- \/ Yoast SEO plugin. -->","yoast_head_json":{"title":"Estat\u00edstica Mensal - Instituto A\u00e7o Brasil","robots":{"index":"index","follow":"follow","max-snippet":"max-snippet:-1","max-image-preview":"max-image-preview:large","max-video-preview":"max-video-preview:-1"},"canonical":"https:\/\/www.acobrasil.org.br\/site\/estatistica-mensal\/","og_locale":"pt_BR","og_type":"article","og_title":"Estat\u00edstica Mensal - Instituto A\u00e7o Brasil","og_url":"https:\/\/www.acobrasil.org.br\/site\/estatistica-mensal\/","og_site_name":"Instituto A\u00e7o Brasil","article_modified_time":"2026-03-19T13:03:31+00:00","twitter_card":"summary_large_image","schema":{"@context":"https:\/\/schema.org","@graph":[{"@type":"WebPage","@id":"https:\/\/www.acobrasil.org.br\/site\/estatistica-mensal\/","url":"https:\/\/www.acobrasil.org.br\/site\/estatistica-mensal\/","name":"Estat\u00edstica Mensal - Instituto A\u00e7o Brasil","isPartOf":{"@id":"https:\/\/www.acobrasil.org.br\/site\/#website"},"datePublished":"2021-09-20T15:02:19+00:00","dateModified":"2026-03-19T13:03:31+00:00","breadcrumb":{"@id":"https:\/\/www.acobrasil.org.br\/site\/estatistica-mensal\/#breadcrumb"},"inLanguage":"pt-BR","potentialAction":[{"@type":"ReadAction","target":["https:\/\/www.acobrasil.org.br\/site\/estatistica-mensal\/"]}]},{"@type":"BreadcrumbList","@id":"https:\/\/www.acobrasil.org.br\/site\/estatistica-mensal\/#breadcrumb","itemListElement":[{"@type":"ListItem","position":1,"name":"Home","item":"https:\/\/www.acobrasil.org.br\/site\/"},{"@type":"ListItem","position":2,"name":"Estat\u00edstica Mensal"}]},{"@type":"WebSite","@id":"https:\/\/www.acobrasil.org.br\/site\/#website","url":"https:\/\/www.acobrasil.org.br\/site\/","name":"Instituto A\u00e7o Brasil","description":"Instituto A\u00e7o Brasil \u00e9 a entidade representativa das empresas brasileiras produtoras de a\u00e7o","potentialAction":[{"@type":"SearchAction","target":{"@type":"EntryPoint","urlTemplate":"https:\/\/www.acobrasil.org.br\/site\/?s={search_term_string}"},"query-input":{"@type":"PropertyValueSpecification","valueRequired":true,"valueName":"search_term_string"}}],"inLanguage":"pt-BR"}]}},"_links":{"self":[{"href":"https:\/\/www.acobrasil.org.br\/site\/wp-json\/wp\/v2\/pages\/4989","targetHints":{"allow":["GET"]}}],"collection":[{"href":"https:\/\/www.acobrasil.org.br\/site\/wp-json\/wp\/v2\/pages"}],"about":[{"href":"https:\/\/www.acobrasil.org.br\/site\/wp-json\/wp\/v2\/types\/page"}],"author":[{"embeddable":true,"href":"https:\/\/www.acobrasil.org.br\/site\/wp-json\/wp\/v2\/users\/1"}],"replies":[{"embeddable":true,"href":"https:\/\/www.acobrasil.org.br\/site\/wp-json\/wp\/v2\/comments?post=4989"}],"version-history":[{"count":95,"href":"https:\/\/www.acobrasil.org.br\/site\/wp-json\/wp\/v2\/pages\/4989\/revisions"}],"predecessor-version":[{"id":8145,"href":"https:\/\/www.acobrasil.org.br\/site\/wp-json\/wp\/v2\/pages\/4989\/revisions\/8145"}],"wp:attachment":[{"href":"https:\/\/www.acobrasil.org.br\/site\/wp-json\/wp\/v2\/media?parent=4989"}],"curies":[{"name":"wp","href":"https:\/\/api.w.org\/{rel}","templated":true}]}}